{"id":148,"date":"2020-07-17T15:23:24","date_gmt":"2020-07-17T18:23:24","guid":{"rendered":"http:\/\/trioloscuatro.com.br\/web\/?page_id=148"},"modified":"2020-07-17T16:01:18","modified_gmt":"2020-07-17T19:01:18","slug":"contato","status":"publish","type":"page","link":"https:\/\/trioloscuatro.com.br\/web\/contato\/","title":{"rendered":""},"content":{"rendered":"\n<h2 class=\"wp-block-heading\">Contato<\/h2>\n\n\n\n<p>Entre em contato conosco para mais informa\u00e7\u00f5es sobre a banda, os shows ou para contrata\u00e7\u00f5es:<\/p>\n\n\n\n<div role=\"form\" class=\"wpcf7\" id=\"wpcf7-f6-o1\" lang=\"pt-BR\" dir=\"ltr\">\n<div class=\"screen-reader-response\"><p role=\"status\" aria-live=\"polite\" aria-atomic=\"true\"><\/p> <ul><\/ul><\/div>\n<form action=\"\/web\/wp-json\/wp\/v2\/pages\/148#wpcf7-f6-o1\" method=\"post\" class=\"wpcf7-form init\" novalidate=\"novalidate\" data-status=\"init\">\n<div style=\"display: none;\">\n<input type=\"hidden\" name=\"_wpcf7\" value=\"6\" \/>\n<input type=\"hidden\" name=\"_wpcf7_version\" value=\"5.6.3\" \/>\n<input type=\"hidden\" name=\"_wpcf7_locale\" value=\"pt_BR\" \/>\n<input type=\"hidden\" name=\"_wpcf7_unit_tag\" value=\"wpcf7-f6-o1\" \/>\n<input type=\"hidden\" name=\"_wpcf7_container_post\" value=\"0\" \/>\n<input type=\"hidden\" name=\"_wpcf7_posted_data_hash\" value=\"\" \/>\n<input type=\"hidden\" name=\"_wpcf7_recaptcha_response\" value=\"\" \/>\n<\/div>\n<style>\n .c-form-contato input::-webkit-input-placeholder { \/* WebKit browsers *\/\n   color: #808080 !important;\n   opacity: 1;\n }\n.c-form-contato input:-moz-placeholder { \/* Mozilla Firefox 4 to 18 *\/\n  color: #808080 !important;\n  opacity: 1;\n}\n.c-form-contato input::-moz-placeholder { \/* Mozilla Firefox 19+ *\/\n  color: #808080 !important;\n  opacity: 1;\n}\n.c-form-contato input:-ms-input-placeholder { \/* Internet Explorer 10+ *\/\n  color: #808080 !important;\n  opacity: 1;\n}\n<\/style>\n<div class=\"c-form-contato\">\n<div class=\"form-group col-xs-12 col-sm-6 col-md-6\">\n<label style=\"color:#6B7C93\";> Nome (obrigat\u00f3rio):<\/label><br \/>\n    <span class=\"wpcf7-form-control-wrap\" data-name=\"nome\"><input type=\"text\" name=\"nome\" value=\"\" size=\"40\" class=\"wpcf7-form-control wpcf7-text wpcf7-validates-as-required form-control\" aria-required=\"true\" aria-invalid=\"false\" placeholder=\"Informe o seu nome\" \/><\/span>\n<\/div>\n<div class=\"form-group col-xs-12 col-sm-6 col-md-6\">\n<label style=\"color:#6B7C93\";> E-mail (obrigat\u00f3rio):<\/label><br \/>\n    <span class=\"wpcf7-form-control-wrap\" data-name=\"email\"><input type=\"email\" name=\"email\" value=\"\" size=\"40\" class=\"wpcf7-form-control wpcf7-text wpcf7-email wpcf7-validates-as-required wpcf7-validates-as-email form-control\" aria-required=\"true\" aria-invalid=\"false\" placeholder=\"Informe o seu e-mail\" \/><\/span>\n<\/div>\n<div class=\"form-group col-xs-12 col-sm-6 col-md-6\">\n<label style=\"color:#6B7C93\";> Telefone para contato:<\/label><br \/>\n    <span class=\"wpcf7-form-control-wrap\" data-name=\"tel\"><input type=\"tel\" name=\"tel\" value=\"\" size=\"40\" class=\"wpcf7-form-control wpcf7-text wpcf7-tel wpcf7-validates-as-required wpcf7-validates-as-tel form-control\" aria-required=\"true\" aria-invalid=\"false\" placeholder=\"Informe um telefone para contato\" \/><\/span>\n<\/div>\n<div class=\"form-group col-xs-12 col-sm-6 col-md-6\">\n<label style=\"color:#6B7C93\";> Sua mensagem:<\/label><br \/>\n    <span class=\"wpcf7-form-control-wrap\" data-name=\"mensagem\"><textarea name=\"mensagem\" cols=\"40\" rows=\"10\" class=\"wpcf7-form-control wpcf7-textarea wpcf7-validates-as-required form-control\" aria-required=\"true\" aria-invalid=\"false\" placeholder=\"Insira sua mensagem\"><\/textarea><\/span> <\/div>\n<p><label><\/label><\/p>\n<div class=\"col-xs-12 col-sm-12 col-md-6\">\n<input type=\"submit\" value=\"Enviar\" class=\"wpcf7-form-control has-spinner wpcf7-submit\" \/><\/div>\n<\/div>\n<div class=\"wpcf7-response-output\" aria-hidden=\"true\"><\/div><\/form><\/div>\n","protected":false},"excerpt":{"rendered":"<p>Contato Entre em contato conosco para mais informa\u00e7\u00f5es sobre a banda, os shows ou para contrata\u00e7\u00f5es:<\/p>\n","protected":false},"author":1,"featured_media":0,"parent":0,"menu_order":0,"comment_status":"closed","ping_status":"closed","template":"","meta":{"footnotes":""},"class_list":["post-148","page","type-page","status-publish","hentry"],"_links":{"self":[{"href":"https:\/\/trioloscuatro.com.br\/web\/wp-json\/wp\/v2\/pages\/148","targetHints":{"allow":["GET"]}}],"collection":[{"href":"https:\/\/trioloscuatro.com.br\/web\/wp-json\/wp\/v2\/pages"}],"about":[{"href":"https:\/\/trioloscuatro.com.br\/web\/wp-json\/wp\/v2\/types\/page"}],"author":[{"embeddable":true,"href":"https:\/\/trioloscuatro.com.br\/web\/wp-json\/wp\/v2\/users\/1"}],"replies":[{"embeddable":true,"href":"https:\/\/trioloscuatro.com.br\/web\/wp-json\/wp\/v2\/comments?post=148"}],"version-history":[{"count":4,"href":"https:\/\/trioloscuatro.com.br\/web\/wp-json\/wp\/v2\/pages\/148\/revisions"}],"predecessor-version":[{"id":155,"href":"https:\/\/trioloscuatro.com.br\/web\/wp-json\/wp\/v2\/pages\/148\/revisions\/155"}],"wp:attachment":[{"href":"https:\/\/trioloscuatro.com.br\/web\/wp-json\/wp\/v2\/media?parent=148"}],"curies":[{"name":"wp","href":"https:\/\/api.w.org\/{rel}","templated":true}]}}