{"id":135,"date":"2020-07-17T14:50:04","date_gmt":"2020-07-17T17:50:04","guid":{"rendered":"http:\/\/trioloscuatro.com.br\/web\/?page_id=135"},"modified":"2020-07-17T14:55:09","modified_gmt":"2020-07-17T17:55:09","slug":"sobre","status":"publish","type":"page","link":"https:\/\/trioloscuatro.com.br\/web\/sobre\/","title":{"rendered":""},"content":{"rendered":"\n<h2 class=\"wp-block-heading\">Sobre a banda<\/h2>\n\n\n\n<p><p style=\"text-align: justify;\">O <strong>Trio Los Cuatro<\/strong> surgiu em 2017, da reuni\u00e3o de amigos que j\u00e1 tocavam em outras bandas. A proposta inicial era apenas a descontra\u00e7\u00e3o, mas logo ficou claro que a &#8220;qu\u00edmica&#8221; entre os integrantes era forte demais para que a banda permanecesse apenas ensaiando em est\u00fadio, como brincadeira.<\/p><\/p>\n\n\n\n<p><p style=\"text-align: justify;\">A partir da\u00ed, a banda resolveu mostrar o que sabia fazer nos palcos, trazendo sucesso de p\u00fablico justamente por mostrar o melhor da m\u00fasica desde os anos 50 at\u00e9 os anos 90, atingindo uma ampla gama de espectadores, que se divertem com as apresenta\u00e7\u00f5es descontra\u00eddas e perform\u00e1ticas da banda.<\/p><\/p>\n\n\n\n<p><p style=\"text-align: justify;\">Ainda que a forma\u00e7\u00e3o da banda seja recente, seus integrantes possuem, todos, mais de 15 anos de estrada, j\u00e1 tendo tocado em diversas bandas e grupos musicais, para os mais diversos p\u00fablicos. Isso contribuiu para a forma\u00e7\u00e3o de um repert\u00f3rio ecl\u00e9tico, que agrada ao p\u00fablico e garante o sucesso das apresenta\u00e7\u00f5es.<\/p><\/p>\n","protected":false},"excerpt":{"rendered":"<p>Sobre a banda O Trio Los Cuatro surgiu em 2017, da reuni\u00e3o de amigos que j\u00e1 tocavam em outras bandas. A proposta inicial era apenas a descontra\u00e7\u00e3o, mas logo ficou claro que a &#8220;qu\u00edmica&#8221; entre os integrantes era forte demais para que a banda permanecesse apenas ensaiando em est\u00fadio, como brincadeira. A partir da\u00ed, a&hellip; <br \/> <a class=\"read-more\" href=\"https:\/\/trioloscuatro.com.br\/web\/sobre\/\">Leia mais<\/a><\/p>\n","protected":false},"author":1,"featured_media":0,"parent":0,"menu_order":0,"comment_status":"closed","ping_status":"closed","template":"","meta":{"footnotes":""},"class_list":["post-135","page","type-page","status-publish","hentry"],"_links":{"self":[{"href":"https:\/\/trioloscuatro.com.br\/web\/wp-json\/wp\/v2\/pages\/135","targetHints":{"allow":["GET"]}}],"collection":[{"href":"https:\/\/trioloscuatro.com.br\/web\/wp-json\/wp\/v2\/pages"}],"about":[{"href":"https:\/\/trioloscuatro.com.br\/web\/wp-json\/wp\/v2\/types\/page"}],"author":[{"embeddable":true,"href":"https:\/\/trioloscuatro.com.br\/web\/wp-json\/wp\/v2\/users\/1"}],"replies":[{"embeddable":true,"href":"https:\/\/trioloscuatro.com.br\/web\/wp-json\/wp\/v2\/comments?post=135"}],"version-history":[{"count":3,"href":"https:\/\/trioloscuatro.com.br\/web\/wp-json\/wp\/v2\/pages\/135\/revisions"}],"predecessor-version":[{"id":138,"href":"https:\/\/trioloscuatro.com.br\/web\/wp-json\/wp\/v2\/pages\/135\/revisions\/138"}],"wp:attachment":[{"href":"https:\/\/trioloscuatro.com.br\/web\/wp-json\/wp\/v2\/media?parent=135"}],"curies":[{"name":"wp","href":"https:\/\/api.w.org\/{rel}","templated":true}]}}